{"id":1357,"date":"2024-02-29T10:26:41","date_gmt":"2024-02-29T09:26:41","guid":{"rendered":"https:\/\/www.novotelmontecarlo.com\/restaurant-bars\/azzurra-bar-more\/"},"modified":"2025-01-28T17:12:52","modified_gmt":"2025-01-28T16:12:52","slug":"azzurra-bar-more","status":"publish","type":"page","link":"https:\/\/www.novotelmontecarlo.com\/en\/restaurant-bars\/azzurra-bar-more\/","title":{"rendered":"Azzurra Bar &amp; More"},"content":{"rendered":"<p style=\"text-align: center\"><strong>Need relaxation or an inspiring place to work?<\/strong><\/p>\n<p style=\"text-align: center\">L\u2019Azzurra Bar &amp; More welcomes you in Monaco from 8:00 AM to 11:00 PM. Settle into a warm ambiance and enjoy a unique moment.<\/p>\n<p style=\"text-align: center\">Start your day with a delicious breakfast. Gourmet toasts, fresh juices, and hot drinks make up a tasty menu to start the day right.<\/p>\n<p style=\"text-align: center\">Take a gourmet break anytime. Indulge in our crispy croque-monsieurs or our famous shrimp roll. Irresistible flavors await you at our snacking bar.<\/p>\n<p style=\"text-align: center\">Savor a variety of drinks. Discover a wide selection of spirits, creative cocktails, refreshing mocktails, and freshly squeezed juices.<\/p>\n<p style=\"text-align: center\">End your day on a high note. In the evening, let yourself be charmed by our cozy atmosphere and original creations. Each cocktail tells a story and enhances your moment of relaxation.<\/p>\n<p style=\"text-align: center\">L\u2019Azzurra Bar &amp; More is more than just a bar. It\u2019s a friendly experience, an elegant retreat in the heart of Monaco, where every visit becomes a pleasure.<\/p>\n","protected":false},"excerpt":{"rendered":"<p>Need relaxation or an inspiring place to work? L\u2019Azzurra Bar &amp; More welcomes you in Monaco from 8:00 AM to 11:00 PM. Settle into a warm ambiance and enjoy a unique moment. Start your day with a delicious breakfast. Gourmet toasts, fresh juices, and hot drinks make up a tasty menu to start the day [&hellip;]<\/p>\n","protected":false},"author":15,"featured_media":0,"parent":1355,"menu_order":320,"comment_status":"closed","ping_status":"closed","template":"template-restaurant.php","meta":{"footnotes":""},"categories":[],"class_list":["post-1357","page","type-page","status-publish","hentry"],"acf":[],"yoast_head":"<!-- This site is optimized with the Yoast SEO plugin v26.9 - https:\/\/yoast.com\/product\/yoast-seo-wordpress\/ -->\n<title>L&#039;Azzurra Bar &amp; More | Novotel Monte-Carlo<\/title>\n<meta name=\"description\" content=\"Besoin de d\u00e9tente ou de travailler ? L&#039;Azzurra Bar &amp; More \u00e0 Monaco, ouvert de 8h \u00e0 23h30, offre boissons, petit-d\u00e9jeuner et plats \u00e0 partager.\" \/>\n<meta name=\"robots\" content=\"index, follow, max-snippet:-1, max-image-preview:large, max-video-preview:-1\" \/>\n<link rel=\"canonical\" href=\"https:\/\/www.novotelmontecarlo.com\/en\/restaurant-bars\/azzurra-bar-more\/\" \/>\n<meta property=\"og:locale\" content=\"en_US\" \/>\n<meta property=\"og:type\" content=\"article\" \/>\n<meta property=\"og:title\" content=\"L&#039;Azzurra Bar &amp; More | Novotel Monte-Carlo\" \/>\n<meta property=\"og:description\" content=\"Besoin de d\u00e9tente ou de travailler ? L&#039;Azzurra Bar &amp; More \u00e0 Monaco, ouvert de 8h \u00e0 23h30, offre boissons, petit-d\u00e9jeuner et plats \u00e0 partager.\" \/>\n<meta property=\"og:url\" content=\"https:\/\/www.novotelmontecarlo.com\/en\/restaurant-bars\/azzurra-bar-more\/\" \/>\n<meta property=\"og:site_name\" content=\"Novotel Monte Carlo\" \/>\n<meta property=\"article:modified_time\" content=\"2025-01-28T16:12:52+00:00\" \/>\n<meta name=\"twitter:card\" content=\"summary_large_image\" \/>\n<meta name=\"twitter:label1\" content=\"Est. reading time\" \/>\n\t<meta name=\"twitter:data1\" content=\"1 minute\" \/>\n<script type=\"application\/ld+json\" class=\"yoast-schema-graph\">{\"@context\":\"https:\/\/schema.org\",\"@graph\":[{\"@type\":\"WebPage\",\"@id\":\"https:\/\/www.novotelmontecarlo.com\/en\/restaurant-bars\/azzurra-bar-more\/\",\"url\":\"https:\/\/www.novotelmontecarlo.com\/en\/restaurant-bars\/azzurra-bar-more\/\",\"name\":\"L'Azzurra Bar & More | Novotel Monte-Carlo\",\"isPartOf\":{\"@id\":\"https:\/\/www.novotelmontecarlo.com\/#website\"},\"datePublished\":\"2024-02-29T09:26:41+00:00\",\"dateModified\":\"2025-01-28T16:12:52+00:00\",\"description\":\"Besoin de d\u00e9tente ou de travailler ? L'Azzurra Bar & More \u00e0 Monaco, ouvert de 8h \u00e0 23h30, offre boissons, petit-d\u00e9jeuner et plats \u00e0 partager.\",\"breadcrumb\":{\"@id\":\"https:\/\/www.novotelmontecarlo.com\/en\/restaurant-bars\/azzurra-bar-more\/#breadcrumb\"},\"inLanguage\":\"en-US\",\"potentialAction\":[{\"@type\":\"ReadAction\",\"target\":[\"https:\/\/www.novotelmontecarlo.com\/en\/restaurant-bars\/azzurra-bar-more\/\"]}]},{\"@type\":\"BreadcrumbList\",\"@id\":\"https:\/\/www.novotelmontecarlo.com\/en\/restaurant-bars\/azzurra-bar-more\/#breadcrumb\",\"itemListElement\":[{\"@type\":\"ListItem\",\"position\":1,\"name\":\"Accueil\",\"item\":\"https:\/\/www.novotelmontecarlo.com\/en\/\"},{\"@type\":\"ListItem\",\"position\":2,\"name\":\"Restaurant &amp; Bars\",\"item\":\"https:\/\/www.novotelmontecarlo.com\/en\/restaurant-bars\/\"},{\"@type\":\"ListItem\",\"position\":3,\"name\":\"Azzurra Bar &amp; More\"}]},{\"@type\":\"WebSite\",\"@id\":\"https:\/\/www.novotelmontecarlo.com\/#website\",\"url\":\"https:\/\/www.novotelmontecarlo.com\/\",\"name\":\"Novotel Monte Carlo\",\"description\":\"\",\"potentialAction\":[{\"@type\":\"SearchAction\",\"target\":{\"@type\":\"EntryPoint\",\"urlTemplate\":\"https:\/\/www.novotelmontecarlo.com\/?s={search_term_string}\"},\"query-input\":{\"@type\":\"PropertyValueSpecification\",\"valueRequired\":true,\"valueName\":\"search_term_string\"}}],\"inLanguage\":\"en-US\"}]}<\/script>\n<!-- \/ Yoast SEO plugin. -->","yoast_head_json":{"title":"L'Azzurra Bar & More | Novotel Monte-Carlo","description":"Besoin de d\u00e9tente ou de travailler ? L'Azzurra Bar & More \u00e0 Monaco, ouvert de 8h \u00e0 23h30, offre boissons, petit-d\u00e9jeuner et plats \u00e0 partager.","robots":{"index":"index","follow":"follow","max-snippet":"max-snippet:-1","max-image-preview":"max-image-preview:large","max-video-preview":"max-video-preview:-1"},"canonical":"https:\/\/www.novotelmontecarlo.com\/en\/restaurant-bars\/azzurra-bar-more\/","og_locale":"en_US","og_type":"article","og_title":"L'Azzurra Bar & More | Novotel Monte-Carlo","og_description":"Besoin de d\u00e9tente ou de travailler ? L'Azzurra Bar & More \u00e0 Monaco, ouvert de 8h \u00e0 23h30, offre boissons, petit-d\u00e9jeuner et plats \u00e0 partager.","og_url":"https:\/\/www.novotelmontecarlo.com\/en\/restaurant-bars\/azzurra-bar-more\/","og_site_name":"Novotel Monte Carlo","article_modified_time":"2025-01-28T16:12:52+00:00","twitter_card":"summary_large_image","twitter_misc":{"Est. reading time":"1 minute"},"schema":{"@context":"https:\/\/schema.org","@graph":[{"@type":"WebPage","@id":"https:\/\/www.novotelmontecarlo.com\/en\/restaurant-bars\/azzurra-bar-more\/","url":"https:\/\/www.novotelmontecarlo.com\/en\/restaurant-bars\/azzurra-bar-more\/","name":"L'Azzurra Bar & More | Novotel Monte-Carlo","isPartOf":{"@id":"https:\/\/www.novotelmontecarlo.com\/#website"},"datePublished":"2024-02-29T09:26:41+00:00","dateModified":"2025-01-28T16:12:52+00:00","description":"Besoin de d\u00e9tente ou de travailler ? L'Azzurra Bar & More \u00e0 Monaco, ouvert de 8h \u00e0 23h30, offre boissons, petit-d\u00e9jeuner et plats \u00e0 partager.","breadcrumb":{"@id":"https:\/\/www.novotelmontecarlo.com\/en\/restaurant-bars\/azzurra-bar-more\/#breadcrumb"},"inLanguage":"en-US","potentialAction":[{"@type":"ReadAction","target":["https:\/\/www.novotelmontecarlo.com\/en\/restaurant-bars\/azzurra-bar-more\/"]}]},{"@type":"BreadcrumbList","@id":"https:\/\/www.novotelmontecarlo.com\/en\/restaurant-bars\/azzurra-bar-more\/#breadcrumb","itemListElement":[{"@type":"ListItem","position":1,"name":"Accueil","item":"https:\/\/www.novotelmontecarlo.com\/en\/"},{"@type":"ListItem","position":2,"name":"Restaurant &amp; Bars","item":"https:\/\/www.novotelmontecarlo.com\/en\/restaurant-bars\/"},{"@type":"ListItem","position":3,"name":"Azzurra Bar &amp; More"}]},{"@type":"WebSite","@id":"https:\/\/www.novotelmontecarlo.com\/#website","url":"https:\/\/www.novotelmontecarlo.com\/","name":"Novotel Monte Carlo","description":"","potentialAction":[{"@type":"SearchAction","target":{"@type":"EntryPoint","urlTemplate":"https:\/\/www.novotelmontecarlo.com\/?s={search_term_string}"},"query-input":{"@type":"PropertyValueSpecification","valueRequired":true,"valueName":"search_term_string"}}],"inLanguage":"en-US"}]}},"_links":{"self":[{"href":"https:\/\/www.novotelmontecarlo.com\/en\/wp-json\/wp\/v2\/pages\/1357","targetHints":{"allow":["GET"]}}],"collection":[{"href":"https:\/\/www.novotelmontecarlo.com\/en\/wp-json\/wp\/v2\/pages"}],"about":[{"href":"https:\/\/www.novotelmontecarlo.com\/en\/wp-json\/wp\/v2\/types\/page"}],"author":[{"embeddable":true,"href":"https:\/\/www.novotelmontecarlo.com\/en\/wp-json\/wp\/v2\/users\/15"}],"replies":[{"embeddable":true,"href":"https:\/\/www.novotelmontecarlo.com\/en\/wp-json\/wp\/v2\/comments?post=1357"}],"version-history":[{"count":0,"href":"https:\/\/www.novotelmontecarlo.com\/en\/wp-json\/wp\/v2\/pages\/1357\/revisions"}],"up":[{"embeddable":true,"href":"https:\/\/www.novotelmontecarlo.com\/en\/wp-json\/wp\/v2\/pages\/1355"}],"wp:attachment":[{"href":"https:\/\/www.novotelmontecarlo.com\/en\/wp-json\/wp\/v2\/media?parent=1357"}],"wp:term":[{"taxonomy":"category","embeddable":true,"href":"https:\/\/www.novotelmontecarlo.com\/en\/wp-json\/wp\/v2\/categories?post=1357"}],"curies":[{"name":"wp","href":"https:\/\/api.w.org\/{rel}","templated":true}]}}